{"id":182,"date":"2026-01-21T18:10:55","date_gmt":"2026-01-21T18:10:55","guid":{"rendered":"http:\/\/fdgiicd.cluster100.hosting.ovh.net\/?page_id=182"},"modified":"2026-03-22T07:53:07","modified_gmt":"2026-03-22T07:53:07","slug":"mon-histoire","status":"publish","type":"page","link":"https:\/\/julielaforest.fr\/index.php\/mon-histoire\/","title":{"rendered":"Mon histoire"},"content":{"rendered":"\n<div class=\"wp-block-cover alignfull is-light\" style=\"margin-top:0;margin-bottom:0;padding-top:0px;padding-bottom:80px;min-height:300px;aspect-ratio:unset;\"><img decoding=\"async\" class=\"wp-block-cover__image-background wp-image-4206\" alt=\"\" src=\"https:\/\/tyler.com\/wp-content\/uploads\/2023\/12\/surf-banner1.jpg\" style=\"object-position:100% 50%\" data-object-fit=\"cover\" data-object-position=\"100% 50%\"\/><span aria-hidden=\"true\" class=\"wp-block-cover__background has-background-dim-0 has-background-dim\" style=\"background-color:#e9ceb0\"><\/span><div class=\"wp-block-cover__inner-container has-global-padding is-layout-constrained wp-container-core-cover-is-layout-d4c6b484 wp-block-cover-is-layout-constrained\">\n<div style=\"height:150px\" aria-hidden=\"true\" class=\"wp-block-spacer\"><\/div>\n\n\n\n<h1 class=\"wp-block-heading has-text-align-center has-text-color has-link-color has-suranna-font-family wp-elements-35a40391808d756f876d0ecd50d3aa4e\" style=\"color:#ffffff;font-size:clamp(38.682px, 2.418rem + ((1vw - 3.2px) * 3.786), 72px);font-style:normal;font-weight:500\">Mon histoire<\/h1>\n<\/div><\/div>\n\n\n\n<section class=\"wp-block-group alignfull has-global-padding is-layout-constrained wp-container-core-group-is-layout-608bbd49 wp-block-group-is-layout-constrained\" style=\"margin-top:0px;padding-top:6rem;padding-right:1rem;padding-bottom:5rem;padding-left:1rem;font-size:clamp(0.875rem, 0.875rem + ((1vw - 0.2rem) * 0.464), 1.13rem);font-style:normal;font-weight:400;line-height:1.4\">\n<div class=\"wp-block-columns is-layout-flex wp-container-core-columns-is-layout-03ad6a19 wp-block-columns-is-layout-flex\" style=\"margin-bottom:0px\">\n<div class=\"wp-block-column is-vertically-aligned-center is-layout-flow wp-block-column-is-layout-flow\" style=\"flex-basis:50%\">\n<figure class=\"wp-block-image alignleft size-full\"><img loading=\"lazy\" decoding=\"async\" width=\"2560\" height=\"1920\" src=\"http:\/\/fdgiicd.cluster100.hosting.ovh.net\/wp-content\/uploads\/2026\/01\/Regard-1-scaled.jpg\" alt=\"\" class=\"wp-image-129\" style=\"aspect-ratio:4\/3;object-fit:cover\" srcset=\"https:\/\/julielaforest.fr\/wp-content\/uploads\/2026\/01\/Regard-1-scaled.jpg 2560w, https:\/\/julielaforest.fr\/wp-content\/uploads\/2026\/01\/Regard-1-300x225.jpg 300w, https:\/\/julielaforest.fr\/wp-content\/uploads\/2026\/01\/Regard-1-1024x768.jpg 1024w, https:\/\/julielaforest.fr\/wp-content\/uploads\/2026\/01\/Regard-1-768x576.jpg 768w, https:\/\/julielaforest.fr\/wp-content\/uploads\/2026\/01\/Regard-1-1536x1152.jpg 1536w, https:\/\/julielaforest.fr\/wp-content\/uploads\/2026\/01\/Regard-1-2048x1536.jpg 2048w\" sizes=\"auto, (max-width: 2560px) 100vw, 2560px\" \/><\/figure>\n<\/div>\n\n\n\n<div class=\"wp-block-column is-vertically-aligned-center has-global-padding is-layout-constrained wp-container-core-column-is-layout-c4a7d96a wp-block-column-is-layout-constrained\" style=\"flex-basis:50%\">\n<h3 class=\"wp-block-heading has-text-align-left has-text-color has-suranna-font-family\" style=\"color:#000000;margin-top:0.5rem;margin-bottom:0rem;font-size:clamp(24.034px, 1.502rem + ((1vw - 3.2px) * 1.814), 40px);font-style:normal;font-weight:500;letter-spacing:0px;line-height:1.3\">Tout un chemin&#8230;<\/h3>\n\n\n\n<p><\/p>\n\n\n\n<p><\/p>\n\n\n\n<p>Lorsque je m&rsquo;offre une guitare vers 21 ans,<\/p>\n\n\n\n<p> c&rsquo;est la r\u00e9v\u00e9lation,<\/p>\n\n\n\n<p> j&rsquo;\u00e9cris et je compose mes premi\u00e8res chansons.<\/p>\n\n\n\n<p>Dans une premi\u00e8re vie, je chante sur sc\u00e8ne, <\/p>\n\n\n\n<p>seule avec ma guitare<\/p>\n\n\n\n<p>et r\u00e9alise deux albums auto-produits.<\/p>\n\n\n\n<p>\u200b<\/p>\n\n\n\n<p>Une pause et deux enfants plus tard, <\/p>\n\n\n\n<p>je reviens \u00e0 l\u2019\u00e9criture et la chanson pour les enfants.<\/p>\n\n\n\n<p>Mes premi\u00e8res chansons, test\u00e9es dans la cr\u00e8che de mon fils, <\/p>\n\n\n\n<p>ont \u00e9t\u00e9 accueillies chaleureusement.<\/p>\n\n\n\n<p>Depuis, je poursuis mon r\u00eave en proposant mes spectacles de cr\u00e9ations et des s\u00e9ances d&rsquo;\u00e9veil musical.<\/p>\n\n\n\n<p><\/p>\n\n\n\n<p>Je me d\u00e9place dans vos structures petite enfance sur Rennes, en Ille-et-Vilaine, en Bretagne.<\/p>\n\n\n\n<div class=\"wp-block-buttons is-horizontal is-content-justification-center is-layout-flex wp-container-core-buttons-is-layout-a300a970 wp-block-buttons-is-layout-flex\" style=\"margin-top:0.51rem\">\n<div class=\"wp-block-button has-custom-width wp-block-button__width-50 is-style-fill\"><a class=\"wp-block-button__link has-text-color has-background has-pontano-sans-font-family has-custom-font-size wp-element-button\" href=\"http:\/\/fdgiicd.cluster100.hosting.ovh.net\/index.php\/contact\/\" style=\"border-style:none;border-width:0px;border-radius:0rem;color:#fffffd;background-color:#e27013;padding-top:0.71rem;padding-right:0.31rem;padding-bottom:0.71rem;padding-left:0.31rem;font-size:clamp(0.875rem, 0.875rem + ((1vw - 0.2rem) * 0.245), 1.01rem);font-style:normal;font-weight:600;letter-spacing:1px;line-height:1.5;text-transform:uppercase\">ME CONTACTER<\/a><\/div>\n<\/div>\n<\/div>\n<\/div>\n<\/section>\n\n\n\n<div class=\"wp-block-cover alignfull is-light\" style=\"padding-top:6rem;padding-bottom:6rem\"><span aria-hidden=\"true\" class=\"wp-block-cover__background has-background-dim-10 has-background-dim\" style=\"background-color:#e27013\"><\/span><div class=\"wp-block-cover__inner-container has-global-padding is-layout-constrained wp-container-core-cover-is-layout-5cbdda46 wp-block-cover-is-layout-constrained\">\n<h2 class=\"wp-block-heading has-text-align-center has-text-color has-link-color has-suranna-font-family wp-elements-0a7848df339fbddc4a025c2d0fde6640\" style=\"color:#000000;font-size:clamp(24.034px, 1.502rem + ((1vw - 3.2px) * 1.814), 40px);font-style:normal;font-weight:500;letter-spacing:1px\">Formations<\/h2>\n\n\n\n<p>Moments musicaux des enfants de 0 \u00e0 3 ans \/ Association Marie Ja\u00ebll Montessori&nbsp;\/ 2025 <\/p>\n\n\n\n<p>Revisiter son r\u00e9pertoire de chansons enfantines \/ Terre des arts, Rennes \/ 2024 <\/p>\n\n\n\n<p>Les instruments et le tout-petit \/ Terre des arts, Rennes \/ 2023 <\/p>\n\n\n\n<p>Le spectacle et le tr\u00e8s jeune enfant \/ Enfance et musique, Pantin \/ 2022 <\/p>\n\n\n\n<p>L&rsquo;\u00e9veil musical et corporel du tout-petit \/ Terre des arts, Rennes \/ 2021 <\/p>\n\n\n\n<p>5 ans de cours de guitare classique <\/p>\n\n\n\n<p>5 ans de cours de chant<\/p>\n<\/div><\/div>\n\n\n\n<section class=\"wp-block-group alignfull has-global-padding is-layout-constrained wp-container-core-group-is-layout-8202059b wp-block-group-is-layout-constrained\" style=\"margin-top:0px;padding-top:6rem;padding-right:1rem;padding-bottom:6rem;padding-left:1rem;font-size:clamp(0.875rem, 0.875rem + ((1vw - 0.2rem) * 0.464), 1.13rem);font-style:normal;font-weight:400;line-height:1.4\">\n<div class=\"wp-block-columns is-layout-flex wp-container-core-columns-is-layout-03ad6a19 wp-block-columns-is-layout-flex\" style=\"margin-bottom:0px\">\n<div class=\"wp-block-column is-vertically-aligned-center has-global-padding is-layout-constrained wp-container-core-column-is-layout-c4a7d96a wp-block-column-is-layout-constrained\" style=\"flex-basis:50%\">\n<h3 class=\"wp-block-heading has-text-align-center has-text-color has-suranna-font-family\" style=\"color:#010101;margin-top:0.5rem;margin-bottom:0rem;font-size:clamp(24.034px, 1.502rem + ((1vw - 3.2px) * 1.814), 40px);font-style:normal;font-weight:500;letter-spacing:0px;line-height:1.3\">Certification Enfance et musique 2022<\/h3>\n\n\n\n<p><em>Int\u00e9grer l\u2019\u00e9veil culturel et artistique des enfants \u00e0 sa pratique professionnelle<\/em><\/p>\n\n\n\n<p class=\"has-text-align-left has-text-color has-pontano-sans-font-family\" style=\"color:#010101;margin-top:20px;margin-bottom:20px;font-size:clamp(14px, 0.875rem + ((1vw - 3.2px) * 0.455), 18px);font-style:normal;font-weight:400;line-height:1.5\">Valeurs ajout\u00e9es pour les structures faisant intervenir des professionnels ayant obtenu la certification :<\/p>\n\n\n\n<ul class=\"wp-block-list\">\n<li>Inclusion de l\u2019\u00e9veil culturel et artistique dans le projet p\u00e9dagogique, en lien avec la Charte nationale de l\u2019accueil du jeune enfant.<\/li>\n\n\n\n<li>Enrichissement de l\u2019offre p\u00e9dagogique avec une assurance qualitative.<\/li>\n\n\n\n<li>Renforcement de l\u2019offre de service et les propositions aux familles.<\/li>\n\n\n\n<li>Contribution \u00e0 la ma\u00eetrise de la qualit\u00e9 des services.<\/li>\n<\/ul>\n<\/div>\n\n\n\n<div class=\"wp-block-column is-vertically-aligned-center is-layout-flow wp-block-column-is-layout-flow\" style=\"flex-basis:50%\">\n<figure class=\"wp-block-image alignright size-full has-custom-border\"><img loading=\"lazy\" decoding=\"async\" width=\"2560\" height=\"1920\" src=\"http:\/\/fdgiicd.cluster100.hosting.ovh.net\/wp-content\/uploads\/2026\/01\/Certification-scaled.jpg\" alt=\"\" class=\"has-border-color has-tertiary-border-color wp-image-228\" style=\"border-width:1px;aspect-ratio:1;object-fit:cover\" srcset=\"https:\/\/julielaforest.fr\/wp-content\/uploads\/2026\/01\/Certification-scaled.jpg 2560w, https:\/\/julielaforest.fr\/wp-content\/uploads\/2026\/01\/Certification-300x225.jpg 300w, https:\/\/julielaforest.fr\/wp-content\/uploads\/2026\/01\/Certification-1024x768.jpg 1024w, https:\/\/julielaforest.fr\/wp-content\/uploads\/2026\/01\/Certification-768x576.jpg 768w, https:\/\/julielaforest.fr\/wp-content\/uploads\/2026\/01\/Certification-1536x1152.jpg 1536w, https:\/\/julielaforest.fr\/wp-content\/uploads\/2026\/01\/Certification-2048x1536.jpg 2048w\" sizes=\"auto, (max-width: 2560px) 100vw, 2560px\" \/><\/figure>\n<\/div>\n<\/div>\n<\/section>\n","protected":false},"excerpt":{"rendered":"<p>Tout un chemin&#8230; Lorsque je m&rsquo;offre une guitare vers 21 ans, c&rsquo;est la r\u00e9v\u00e9lation, j&rsquo;\u00e9cris et je compose mes premi\u00e8res chansons. Dans une premi\u00e8re vie, je chante sur sc\u00e8ne, seule avec ma guitare et r\u00e9alise deux albums auto-produits. \u200b Une pause et deux enfants plus tard, je reviens \u00e0 l\u2019\u00e9criture et la chanson pour les [&hellip;]<\/p>\n","protected":false},"author":1,"featured_media":0,"parent":0,"menu_order":2,"comment_status":"closed","ping_status":"closed","template":"","meta":{"footnotes":""},"class_list":["post-182","page","type-page","status-publish","hentry"],"_links":{"self":[{"href":"https:\/\/julielaforest.fr\/index.php\/wp-json\/wp\/v2\/pages\/182","targetHints":{"allow":["GET"]}}],"collection":[{"href":"https:\/\/julielaforest.fr\/index.php\/wp-json\/wp\/v2\/pages"}],"about":[{"href":"https:\/\/julielaforest.fr\/index.php\/wp-json\/wp\/v2\/types\/page"}],"author":[{"embeddable":true,"href":"https:\/\/julielaforest.fr\/index.php\/wp-json\/wp\/v2\/users\/1"}],"replies":[{"embeddable":true,"href":"https:\/\/julielaforest.fr\/index.php\/wp-json\/wp\/v2\/comments?post=182"}],"version-history":[{"count":13,"href":"https:\/\/julielaforest.fr\/index.php\/wp-json\/wp\/v2\/pages\/182\/revisions"}],"predecessor-version":[{"id":366,"href":"https:\/\/julielaforest.fr\/index.php\/wp-json\/wp\/v2\/pages\/182\/revisions\/366"}],"wp:attachment":[{"href":"https:\/\/julielaforest.fr\/index.php\/wp-json\/wp\/v2\/media?parent=182"}],"curies":[{"name":"wp","href":"https:\/\/api.w.org\/{rel}","templated":true}]}}