{"id":184,"date":"2026-01-21T18:35:22","date_gmt":"2026-01-21T18:35:22","guid":{"rendered":"http:\/\/fdgiicd.cluster100.hosting.ovh.net\/?page_id=184"},"modified":"2026-03-22T07:55:41","modified_gmt":"2026-03-22T07:55:41","slug":"spectacles","status":"publish","type":"page","link":"https:\/\/julielaforest.fr\/index.php\/spectacles\/","title":{"rendered":"Spectacles"},"content":{"rendered":"\n<div class=\"wp-block-cover alignfull is-light wp-duotone-unset-1\" style=\"margin-top:0;margin-bottom:0;padding-top:0px;padding-bottom:80px;min-height:300px;aspect-ratio:unset;\"><img decoding=\"async\" class=\"wp-block-cover__image-background wp-image-4206\" alt=\"\" src=\"https:\/\/tyler.com\/wp-content\/uploads\/2023\/12\/surf-banner1.jpg\" style=\"object-position:100% 50%\" data-object-fit=\"cover\" data-object-position=\"100% 50%\"\/><span aria-hidden=\"true\" class=\"wp-block-cover__background has-background-dim-0 has-background-dim\" style=\"background-color:#e9ceb0\"><\/span><div class=\"wp-block-cover__inner-container has-global-padding is-layout-constrained wp-container-core-cover-is-layout-d4c6b484 wp-block-cover-is-layout-constrained\">\n<div style=\"height:150px\" aria-hidden=\"true\" class=\"wp-block-spacer\"><\/div>\n\n\n\n<h1 class=\"wp-block-heading has-text-align-center has-text-color has-link-color has-suranna-font-family wp-elements-8f80bf057649a4aec1068e4bb4fb3b92\" style=\"color:#ffffff;font-size:clamp(38.682px, 2.418rem + ((1vw - 3.2px) * 3.786), 72px);font-style:normal;font-weight:500\">Spectacles<\/h1>\n<\/div><\/div>\n\n\n\n<p class=\"has-text-align-center has-large-font-size\">Des moments de musique po\u00e9tiques <\/p>\n\n\n\n<p class=\"has-text-align-center has-large-font-size\">pour les tout-petits !<\/p>\n\n\n\n<div class=\"wp-block-columns is-layout-flex wp-container-core-columns-is-layout-28f84493 wp-block-columns-is-layout-flex\">\n<div class=\"wp-block-column is-layout-flow wp-block-column-is-layout-flow\" style=\"flex-basis:50%\">\n<figure class=\"wp-block-gallery has-nested-images columns-default is-cropped wp-block-gallery-2 is-layout-flex wp-block-gallery-is-layout-flex\">\n<figure class=\"wp-block-image size-large\"><img loading=\"lazy\" decoding=\"async\" width=\"1024\" height=\"768\" data-id=\"130\" src=\"http:\/\/fdgiicd.cluster100.hosting.ovh.net\/wp-content\/uploads\/2026\/01\/Sieste-des-peluches-2024-1-1024x768.jpg\" alt=\"\" class=\"wp-image-130\" style=\"object-fit:cover\" srcset=\"https:\/\/julielaforest.fr\/wp-content\/uploads\/2026\/01\/Sieste-des-peluches-2024-1-1024x768.jpg 1024w, https:\/\/julielaforest.fr\/wp-content\/uploads\/2026\/01\/Sieste-des-peluches-2024-1-300x225.jpg 300w, https:\/\/julielaforest.fr\/wp-content\/uploads\/2026\/01\/Sieste-des-peluches-2024-1-768x576.jpg 768w, https:\/\/julielaforest.fr\/wp-content\/uploads\/2026\/01\/Sieste-des-peluches-2024-1-1536x1152.jpg 1536w, https:\/\/julielaforest.fr\/wp-content\/uploads\/2026\/01\/Sieste-des-peluches-2024-1-2048x1536.jpg 2048w\" sizes=\"auto, (max-width: 1024px) 100vw, 1024px\" \/><\/figure>\n<\/figure>\n<\/div>\n\n\n\n<div class=\"wp-block-column is-layout-flow wp-block-column-is-layout-flow\" style=\"flex-basis:50%\">\n<figure class=\"wp-block-image size-large\"><img loading=\"lazy\" decoding=\"async\" width=\"1024\" height=\"768\" src=\"http:\/\/fdgiicd.cluster100.hosting.ovh.net\/wp-content\/uploads\/2026\/01\/Voyage-au-bord-de-leau-2025-1-1024x768.jpg\" alt=\"\" class=\"wp-image-134\" srcset=\"https:\/\/julielaforest.fr\/wp-content\/uploads\/2026\/01\/Voyage-au-bord-de-leau-2025-1-1024x768.jpg 1024w, https:\/\/julielaforest.fr\/wp-content\/uploads\/2026\/01\/Voyage-au-bord-de-leau-2025-1-300x225.jpg 300w, https:\/\/julielaforest.fr\/wp-content\/uploads\/2026\/01\/Voyage-au-bord-de-leau-2025-1-768x576.jpg 768w, https:\/\/julielaforest.fr\/wp-content\/uploads\/2026\/01\/Voyage-au-bord-de-leau-2025-1-1536x1152.jpg 1536w, https:\/\/julielaforest.fr\/wp-content\/uploads\/2026\/01\/Voyage-au-bord-de-leau-2025-1-2048x1536.jpg 2048w\" sizes=\"auto, (max-width: 1024px) 100vw, 1024px\" \/><\/figure>\n<\/div>\n<\/div>\n\n\n\n<p class=\"has-text-align-center\">Tous les spectacles sont des spectacles de proximit\u00e9, sp\u00e9cialement pens\u00e9s pour le tr\u00e8s jeune et le jeune public, en acoustique, pour de petites jauges.<\/p>\n\n\n\n<p class=\"has-text-align-center\">Partagez avec vos tout-petits des moments musicaux doux, po\u00e9tiques et joyeux<\/p>\n\n\n\n<p><\/p>\n\n\n\n<div class=\"wp-block-group has-global-padding is-content-justification-center is-layout-constrained wp-container-core-group-is-layout-2f0bcb29 wp-block-group-is-layout-constrained\" style=\"margin-top:0px\">\n<div class=\"wp-block-buttons is-horizontal is-content-justification-right is-layout-flex wp-container-core-buttons-is-layout-099266fd wp-block-buttons-is-layout-flex\" style=\"margin-top:0.51rem\">\n<div class=\"wp-block-button has-custom-width wp-block-button__width-100 is-style-fill\"><a class=\"wp-block-button__link has-text-color has-background has-custom-font-size wp-element-button\" href=\"http:\/\/fdgiicd.cluster100.hosting.ovh.net\/index.php\/contact\/\" style=\"border-style:none;border-width:0px;border-radius:0rem;color:#fffffd;background-color:#e27013;padding-top:0.71rem;padding-right:0.31rem;padding-bottom:0.71rem;padding-left:0.31rem;font-size:clamp(0.875rem, 0.875rem + ((1vw - 0.2rem) * 0.245), 1.01rem);font-style:normal;font-weight:600;line-height:1.5;text-transform:uppercase\">ME CONTACTER<\/a><\/div>\n<\/div>\n<\/div>\n\n\n\n<section class=\"wp-block-group alignfull has-text-color has-global-padding is-layout-constrained wp-container-core-group-is-layout-b691706e wp-block-group-is-layout-constrained\" style=\"color:#03081e;margin-top:0px;padding-top:4.01rem;padding-right:1rem;padding-bottom:5.5rem;padding-left:1rem;font-size:clamp(0.875rem, 0.875rem + ((1vw - 0.2rem) * 0.464), 1.13rem);font-style:normal;font-weight:400;line-height:1.4\">\n<div class=\"wp-block-columns is-layout-flex wp-container-core-columns-is-layout-db2df21c wp-block-columns-is-layout-flex\" style=\"margin-bottom:0px\">\n<div class=\"wp-block-column has-global-padding is-content-justification-left is-layout-constrained wp-container-core-column-is-layout-12dd3699 wp-block-column-is-layout-constrained\" style=\"flex-basis:50%\">\n<figure class=\"wp-block-image aligncenter size-full is-resized\"><img loading=\"lazy\" decoding=\"async\" width=\"1587\" height=\"2245\" src=\"http:\/\/fdgiicd.cluster100.hosting.ovh.net\/wp-content\/uploads\/2026\/01\/Affiche-Bientot-Noel-2026-1.png\" alt=\"\" class=\"wp-image-109\" style=\"width:318px\" srcset=\"https:\/\/julielaforest.fr\/wp-content\/uploads\/2026\/01\/Affiche-Bientot-Noel-2026-1.png 1587w, https:\/\/julielaforest.fr\/wp-content\/uploads\/2026\/01\/Affiche-Bientot-Noel-2026-1-212x300.png 212w, https:\/\/julielaforest.fr\/wp-content\/uploads\/2026\/01\/Affiche-Bientot-Noel-2026-1-724x1024.png 724w, https:\/\/julielaforest.fr\/wp-content\/uploads\/2026\/01\/Affiche-Bientot-Noel-2026-1-768x1086.png 768w, https:\/\/julielaforest.fr\/wp-content\/uploads\/2026\/01\/Affiche-Bientot-Noel-2026-1-1086x1536.png 1086w, https:\/\/julielaforest.fr\/wp-content\/uploads\/2026\/01\/Affiche-Bientot-Noel-2026-1-1448x2048.png 1448w\" sizes=\"auto, (max-width: 1587px) 100vw, 1587px\" \/><\/figure>\n<\/div>\n\n\n\n<div class=\"wp-block-column is-layout-flow wp-block-column-is-layout-flow\">\n<div class=\"wp-block-group is-vertical is-content-justification-left is-layout-flex wp-container-core-group-is-layout-c5d44cae wp-block-group-is-layout-flex\" style=\"min-height:100%\">\n<div class=\"wp-block-group has-global-padding is-content-justification-center is-layout-constrained wp-container-core-group-is-layout-b15c80d6 wp-block-group-is-layout-constrained\">\n<h3 class=\"wp-block-heading has-text-align-left has-text-color\" style=\"color:#07277c;margin-top:0.5rem;margin-bottom:1.01rem;font-size:clamp(1.044rem, 1.044rem + ((1vw - 0.2rem) * 1.029), 1.61rem);font-style:normal;font-weight:500;letter-spacing:0px;line-height:1.3\">Bient\u00f4t No\u00ebl (0-5 ans)<\/h3>\n\n\n\n<p>Venez partager un moment de douceur et de po\u00e9sie en attendant No\u00ebl.<\/p>\n\n\n\n<p>\u200bUne guitare, des chansons, des lutins endormis et des surprises \u00e0 manipuler par les plus petits.<\/p>\n\n\n\n<p>Tout est pr\u00eat pour une joyeuse parenth\u00e8se musicale !<\/p>\n\n\n\n<p>\u200b<\/p>\n\n\n\n<p>\u200bParoles et musiques : Julie Laforest <\/p>\n\n\n\n<p>Dur\u00e9e : 30 minutes<\/p>\n\n\n\n<p><em>\u200b<\/em><\/p>\n\n\n\n<p><em>\u200b<\/em><\/p>\n<\/div>\n<\/div>\n<\/div>\n<\/div>\n<\/section>\n\n\n\n<section class=\"wp-block-group alignfull has-text-color has-global-padding is-layout-constrained wp-container-core-group-is-layout-b691706e wp-block-group-is-layout-constrained\" style=\"color:#03081e;margin-top:0px;padding-top:4.01rem;padding-right:1rem;padding-bottom:5.5rem;padding-left:1rem;font-size:clamp(0.875rem, 0.875rem + ((1vw - 0.2rem) * 0.464), 1.13rem);font-style:normal;font-weight:400;line-height:1.4\">\n<div class=\"wp-block-columns is-layout-flex wp-container-core-columns-is-layout-db2df21c wp-block-columns-is-layout-flex\" style=\"margin-bottom:0px\">\n<div class=\"wp-block-column has-global-padding is-content-justification-left is-layout-constrained wp-container-core-column-is-layout-12dd3699 wp-block-column-is-layout-constrained\" style=\"flex-basis:50%\">\n<figure class=\"wp-block-image aligncenter size-full is-resized\"><img loading=\"lazy\" decoding=\"async\" width=\"1587\" height=\"2245\" src=\"http:\/\/fdgiicd.cluster100.hosting.ovh.net\/wp-content\/uploads\/2026\/01\/Voyage-au-bord-de-leau-Affiche-1.png\" alt=\"\" class=\"wp-image-135\" style=\"aspect-ratio:0.7069119948355713;width:318px;height:auto\" srcset=\"https:\/\/julielaforest.fr\/wp-content\/uploads\/2026\/01\/Voyage-au-bord-de-leau-Affiche-1.png 1587w, https:\/\/julielaforest.fr\/wp-content\/uploads\/2026\/01\/Voyage-au-bord-de-leau-Affiche-1-212x300.png 212w, https:\/\/julielaforest.fr\/wp-content\/uploads\/2026\/01\/Voyage-au-bord-de-leau-Affiche-1-724x1024.png 724w, https:\/\/julielaforest.fr\/wp-content\/uploads\/2026\/01\/Voyage-au-bord-de-leau-Affiche-1-768x1086.png 768w, https:\/\/julielaforest.fr\/wp-content\/uploads\/2026\/01\/Voyage-au-bord-de-leau-Affiche-1-1086x1536.png 1086w, https:\/\/julielaforest.fr\/wp-content\/uploads\/2026\/01\/Voyage-au-bord-de-leau-Affiche-1-1448x2048.png 1448w\" sizes=\"auto, (max-width: 1587px) 100vw, 1587px\" \/><\/figure>\n<\/div>\n\n\n\n<div class=\"wp-block-column is-layout-flow wp-block-column-is-layout-flow\">\n<div class=\"wp-block-group is-vertical is-content-justification-left is-layout-flex wp-container-core-group-is-layout-c5d44cae wp-block-group-is-layout-flex\" style=\"min-height:100%\">\n<div class=\"wp-block-group has-global-padding is-content-justification-center is-layout-constrained wp-container-core-group-is-layout-b15c80d6 wp-block-group-is-layout-constrained\">\n<h3 class=\"wp-block-heading has-text-align-left has-text-color\" style=\"color:#07277c;margin-top:0.5rem;margin-bottom:1.01rem;font-size:clamp(1.044rem, 1.044rem + ((1vw - 0.2rem) * 1.029), 1.61rem);font-style:normal;font-weight:500;letter-spacing:0px;line-height:1.3\">Voyage au bord de l&rsquo;eau (0-6 ans)<\/h3>\n\n\n\n<p>Dans une ambiance feutr\u00e9e, nous d\u00e9couvrons, au fil des chansons, des poissons, des grenouilles, un crabe sorti de sa cachette et un gentil crocodile.<\/p>\n\n\n\n<p>Guitare, ukul\u00e9l\u00e9 et petits instruments pos\u00e9s de-ci, de-l\u00e0, accompagnent ce voyage sonore et chantant.<\/p>\n\n\n\n<p>Un univers po\u00e9tique pour un voyage musical imaginaire.<\/p>\n\n\n\n<p>Paroles et musiques : Julie Laforest<\/p>\n\n\n\n<p>Dur\u00e9e : 30 minutes<\/p>\n\n\n\n<div class=\"wp-block-group has-global-padding is-content-justification-center is-layout-constrained wp-container-core-group-is-layout-2f0bcb29 wp-block-group-is-layout-constrained\" style=\"margin-top:0px\">\n<div class=\"wp-block-buttons is-horizontal is-content-justification-right is-layout-flex wp-container-core-buttons-is-layout-099266fd wp-block-buttons-is-layout-flex\" style=\"margin-top:0.51rem\">\n<div class=\"wp-block-button has-custom-width wp-block-button__width-100 is-style-fill\"><a class=\"wp-block-button__link has-text-color has-background has-custom-font-size wp-element-button\" href=\"https:\/\/youtu.be\/wM-dhW2CjH8\" style=\"border-style:none;border-width:0px;border-radius:0rem;color:#fffffd;background-color:#e27013;padding-top:0.71rem;padding-right:0.31rem;padding-bottom:0.71rem;padding-left:0.31rem;font-size:clamp(0.875rem, 0.875rem + ((1vw - 0.2rem) * 0.245), 1.01rem);font-style:normal;font-weight:600;line-height:1.5;text-transform:uppercase\" target=\"_blank\" rel=\"noreferrer noopener\">EXTRAIT VIDEO<\/a><\/div>\n<\/div>\n<\/div>\n<\/div>\n<\/div>\n<\/div>\n<\/div>\n<\/section>\n\n\n\n<section class=\"wp-block-group alignfull has-text-color has-global-padding is-layout-constrained wp-container-core-group-is-layout-b691706e wp-block-group-is-layout-constrained\" style=\"color:#03081e;margin-top:0px;padding-top:4.01rem;padding-right:1rem;padding-bottom:5.5rem;padding-left:1rem;font-size:clamp(0.875rem, 0.875rem + ((1vw - 0.2rem) * 0.464), 1.13rem);font-style:normal;font-weight:400;line-height:1.4\">\n<div class=\"wp-block-columns is-layout-flex wp-container-core-columns-is-layout-db2df21c wp-block-columns-is-layout-flex\" style=\"margin-bottom:0px\">\n<div class=\"wp-block-column has-global-padding is-content-justification-left is-layout-constrained wp-container-core-column-is-layout-12dd3699 wp-block-column-is-layout-constrained\" style=\"flex-basis:50%\">\n<figure class=\"wp-block-image aligncenter size-full is-resized\"><img loading=\"lazy\" decoding=\"async\" width=\"1587\" height=\"2245\" src=\"http:\/\/fdgiicd.cluster100.hosting.ovh.net\/wp-content\/uploads\/2026\/01\/Affiche-La-sieste-des-peluches-1.png\" alt=\"\" class=\"wp-image-110\" style=\"width:318px\" srcset=\"https:\/\/julielaforest.fr\/wp-content\/uploads\/2026\/01\/Affiche-La-sieste-des-peluches-1.png 1587w, https:\/\/julielaforest.fr\/wp-content\/uploads\/2026\/01\/Affiche-La-sieste-des-peluches-1-212x300.png 212w, https:\/\/julielaforest.fr\/wp-content\/uploads\/2026\/01\/Affiche-La-sieste-des-peluches-1-724x1024.png 724w, https:\/\/julielaforest.fr\/wp-content\/uploads\/2026\/01\/Affiche-La-sieste-des-peluches-1-768x1086.png 768w, https:\/\/julielaforest.fr\/wp-content\/uploads\/2026\/01\/Affiche-La-sieste-des-peluches-1-1086x1536.png 1086w, https:\/\/julielaforest.fr\/wp-content\/uploads\/2026\/01\/Affiche-La-sieste-des-peluches-1-1448x2048.png 1448w\" sizes=\"auto, (max-width: 1587px) 100vw, 1587px\" \/><\/figure>\n<\/div>\n\n\n\n<div class=\"wp-block-column is-layout-flow wp-block-column-is-layout-flow\">\n<div class=\"wp-block-group is-vertical is-content-justification-left is-layout-flex wp-container-core-group-is-layout-c5d44cae wp-block-group-is-layout-flex\" style=\"min-height:100%\">\n<div class=\"wp-block-group has-global-padding is-content-justification-center is-layout-constrained wp-container-core-group-is-layout-b15c80d6 wp-block-group-is-layout-constrained\">\n<h3 class=\"wp-block-heading has-text-align-left has-text-color\" style=\"color:#07277c;margin-top:0.5rem;margin-bottom:1.01rem;font-size:clamp(1.044rem, 1.044rem + ((1vw - 0.2rem) * 1.029), 1.61rem);font-style:normal;font-weight:500;letter-spacing:0px;line-height:1.3\">La sieste des peluches (1 &#8211; 6 ans)<\/h3>\n\n\n\n<p>\u200bPoup\u00e9es, ours en peluche, doudous, tout le monde se pr\u00e9pare pour l\u2019heure de la sieste.<\/p>\n\n\n\n<p>De la musique douce, le son d\u2019une guitare, tout est calme mais les doudous ont parfois du mal \u00e0 s\u2019endormir\u2026<\/p>\n\n\n\n<p>\u200bDe chansons en chansons, nous partageons la sieste des peluches et un peu de leurs r\u00eaves.<\/p>\n\n\n\n<p>Et \u00e0 quoi r\u00eave une peluche quand elle dort ?<\/p>\n\n\n\n<p><em>\u200b<\/em><\/p>\n\n\n\n<p><em>\u200b<\/em>Paroles et musiques : Julie Laforest<\/p>\n\n\n\n<p>Dur\u00e9e : 30 minutes<\/p>\n<\/div>\n<\/div>\n<\/div>\n<\/div>\n<\/section>\n\n\n\n<section class=\"wp-block-group alignfull has-text-color has-global-padding is-layout-constrained wp-container-core-group-is-layout-b691706e wp-block-group-is-layout-constrained\" style=\"color:#03081e;margin-top:0px;padding-top:4.01rem;padding-right:1rem;padding-bottom:5.5rem;padding-left:1rem;font-size:clamp(0.875rem, 0.875rem + ((1vw - 0.2rem) * 0.464), 1.13rem);font-style:normal;font-weight:400;line-height:1.4\">\n<div class=\"wp-block-columns is-layout-flex wp-container-core-columns-is-layout-db2df21c wp-block-columns-is-layout-flex\" style=\"margin-bottom:0px\">\n<div class=\"wp-block-column has-global-padding is-content-justification-left is-layout-constrained wp-container-core-column-is-layout-12dd3699 wp-block-column-is-layout-constrained\" style=\"flex-basis:50%\">\n<figure class=\"wp-block-image aligncenter size-full is-resized\"><img loading=\"lazy\" decoding=\"async\" width=\"1414\" height=\"2000\" src=\"http:\/\/fdgiicd.cluster100.hosting.ovh.net\/wp-content\/uploads\/2026\/01\/Affiche-Popote-et-Cie-1.png\" alt=\"\" class=\"wp-image-111\" style=\"width:318px\" srcset=\"https:\/\/julielaforest.fr\/wp-content\/uploads\/2026\/01\/Affiche-Popote-et-Cie-1.png 1414w, https:\/\/julielaforest.fr\/wp-content\/uploads\/2026\/01\/Affiche-Popote-et-Cie-1-212x300.png 212w, https:\/\/julielaforest.fr\/wp-content\/uploads\/2026\/01\/Affiche-Popote-et-Cie-1-724x1024.png 724w, https:\/\/julielaforest.fr\/wp-content\/uploads\/2026\/01\/Affiche-Popote-et-Cie-1-768x1086.png 768w, https:\/\/julielaforest.fr\/wp-content\/uploads\/2026\/01\/Affiche-Popote-et-Cie-1-1086x1536.png 1086w\" sizes=\"auto, (max-width: 1414px) 100vw, 1414px\" \/><\/figure>\n<\/div>\n\n\n\n<div class=\"wp-block-column is-layout-flow wp-block-column-is-layout-flow\">\n<div class=\"wp-block-group is-vertical is-content-justification-left is-layout-flex wp-container-core-group-is-layout-c5d44cae wp-block-group-is-layout-flex\" style=\"min-height:100%\">\n<div class=\"wp-block-group has-global-padding is-content-justification-center is-layout-constrained wp-container-core-group-is-layout-b15c80d6 wp-block-group-is-layout-constrained\">\n<h3 class=\"wp-block-heading has-text-align-left has-text-color\" style=\"color:#07277c;margin-top:0.5rem;margin-bottom:1.01rem;font-size:clamp(1.044rem, 1.044rem + ((1vw - 0.2rem) * 1.029), 1.61rem);font-style:normal;font-weight:500;letter-spacing:0px;line-height:1.3\">Popote et compagnie (2 &#8211; 6 ans)<\/h3>\n\n\n\n<p>\u200bConte musical joyeux et d\u00e9cal\u00e9,<\/p>\n\n\n\n<p>\u00e9crit, compos\u00e9 et cuisin\u00e9 \u00e0 4 mains et 2 voix.<\/p>\n\n\n\n<p>\u200b\u200b\u200b\u200b<em>\u200b<\/em><\/p>\n\n\n\n<p>Paroles et musiques : Cathy Bonsergent et Julie Laforest<\/p>\n\n\n\n<p>Public familial \u00e0 partir de 2 ans<\/p>\n\n\n\n<p>Dur\u00e9e : 40 minutes<\/p>\n\n\n\n<p>Jauge : 50 personnes (enfants + adultes)<\/p>\n\n\n\n<p>Espace sc\u00e9nique : 3 m x 3 m<\/p>\n\n\n\n<p class=\"has-text-align-left has-text-color\" style=\"color:#03081e;margin-top:0rem;font-size:clamp(0.875rem, 0.875rem + ((1vw - 0.2rem) * 0.245), 1.01rem);font-style:normal;font-weight:400;line-height:1.6\"><\/p>\n<\/div>\n<\/div>\n<\/div>\n<\/div>\n<\/section>\n\n\n\n<div class=\"wp-block-group alignfull has-global-padding is-layout-constrained wp-container-core-group-is-layout-3c77c8a4 wp-block-group-is-layout-constrained\" style=\"padding-top:3.51rem;padding-right:1.01rem;padding-bottom:5.01rem;padding-left:1.01rem\">\n<div class=\"wp-block-group has-global-padding is-layout-constrained wp-block-group-is-layout-constrained\">\n<h3 class=\"wp-block-heading has-text-align-center has-text-color\" style=\"color:#07277c;margin-top:0.5rem;margin-bottom:0rem;font-size:clamp(1.556rem, 1.556rem + ((1vw - 0.2rem) * 1.916), 2.61rem);font-style:normal;font-weight:500;letter-spacing:0px;line-height:1.3\">Vos retours<\/h3>\n\n\n\n<blockquote class=\"wp-block-quote is-layout-flow wp-block-quote-is-layout-flow\">\n<p>\u00ab\u00a0Tr\u00e8s joli spectacle adapt\u00e9 aux tout-petits. Le rythme, les sons, les chansons, les personnages s&rsquo;encha\u00eenent avec douceur. L\u00e9o \u00e9tait captiv\u00e9 tout du long et s&rsquo;est impliqu\u00e9 en dansant.<\/p>\n\n\n\n<p>Une belle exp\u00e9rience en famille.\u00a0\u00bb<\/p>\n<\/blockquote>\n\n\n\n<h6 class=\"wp-block-heading has-text-align-center has-text-color\" style=\"color:#010101;margin-top:2.01rem;font-size:clamp(0.875rem, 0.875rem + ((1vw - 0.2rem) * 0.064), 0.91rem);text-transform:uppercase\"><strong>Voyage au bord de l&rsquo;eau<\/strong><\/h6>\n\n\n\n<blockquote class=\"wp-block-quote is-layout-flow wp-block-quote-is-layout-flow\">\n<p>\u00ab\u00a0Doux et apaisant\u00a0\u00bb<\/p>\n\n\n\n<p>\u00ab\u00a0Joli spectacle po\u00e9tique\u00a0\u00bb<\/p>\n\n\n\n<p>\u00ab\u00a0Spectacle adapt\u00e9 aux tout-petits\u00a0\u00bb<\/p>\n<\/blockquote>\n\n\n\n<h6 class=\"wp-block-heading has-text-align-center has-text-color\" style=\"color:#010101;margin-top:2.01rem;font-size:clamp(0.875rem, 0.875rem + ((1vw - 0.2rem) * 0.064), 0.91rem);text-transform:uppercase\"><strong>BIENT\u00d4T NO\u00cbL<\/strong> <\/h6>\n<\/div>\n<\/div>\n","protected":false},"excerpt":{"rendered":"<p>Des moments de musique po\u00e9tiques pour les tout-petits ! Tous les spectacles sont des spectacles de proximit\u00e9, sp\u00e9cialement pens\u00e9s pour le tr\u00e8s jeune et le jeune public, en acoustique, pour de petites jauges. Partagez avec vos tout-petits des moments musicaux doux, po\u00e9tiques et joyeux Bient\u00f4t No\u00ebl (0-5 ans) Venez partager un moment de douceur et [&hellip;]<\/p>\n","protected":false},"author":1,"featured_media":0,"parent":0,"menu_order":3,"comment_status":"closed","ping_status":"closed","template":"","meta":{"footnotes":""},"class_list":["post-184","page","type-page","status-publish","hentry"],"_links":{"self":[{"href":"https:\/\/julielaforest.fr\/index.php\/wp-json\/wp\/v2\/pages\/184","targetHints":{"allow":["GET"]}}],"collection":[{"href":"https:\/\/julielaforest.fr\/index.php\/wp-json\/wp\/v2\/pages"}],"about":[{"href":"https:\/\/julielaforest.fr\/index.php\/wp-json\/wp\/v2\/types\/page"}],"author":[{"embeddable":true,"href":"https:\/\/julielaforest.fr\/index.php\/wp-json\/wp\/v2\/users\/1"}],"replies":[{"embeddable":true,"href":"https:\/\/julielaforest.fr\/index.php\/wp-json\/wp\/v2\/comments?post=184"}],"version-history":[{"count":23,"href":"https:\/\/julielaforest.fr\/index.php\/wp-json\/wp\/v2\/pages\/184\/revisions"}],"predecessor-version":[{"id":368,"href":"https:\/\/julielaforest.fr\/index.php\/wp-json\/wp\/v2\/pages\/184\/revisions\/368"}],"wp:attachment":[{"href":"https:\/\/julielaforest.fr\/index.php\/wp-json\/wp\/v2\/media?parent=184"}],"curies":[{"name":"wp","href":"https:\/\/api.w.org\/{rel}","templated":true}]}}