{"id":186,"date":"2026-01-21T18:35:32","date_gmt":"2026-01-21T18:35:32","guid":{"rendered":"http:\/\/fdgiicd.cluster100.hosting.ovh.net\/?page_id=186"},"modified":"2026-01-22T15:02:25","modified_gmt":"2026-01-22T15:02:25","slug":"eveil-musical","status":"publish","type":"page","link":"https:\/\/julielaforest.fr\/index.php\/eveil-musical\/","title":{"rendered":"Eveil musical"},"content":{"rendered":"\n<div class=\"wp-block-cover alignfull is-light\" style=\"margin-top:0;margin-bottom:0;padding-top:0px;padding-bottom:80px;min-height:300px;aspect-ratio:unset;\"><img decoding=\"async\" class=\"wp-block-cover__image-background wp-image-4206\" alt=\"\" src=\"https:\/\/tyler.com\/wp-content\/uploads\/2023\/12\/surf-banner1.jpg\" style=\"object-position:100% 50%\" data-object-fit=\"cover\" data-object-position=\"100% 50%\"\/><span aria-hidden=\"true\" class=\"wp-block-cover__background has-background-dim-0 has-background-dim\" style=\"background-color:#e9ceb0\"><\/span><div class=\"wp-block-cover__inner-container has-global-padding is-layout-constrained wp-container-core-cover-is-layout-d4c6b484 wp-block-cover-is-layout-constrained\">\n<div style=\"height:150px\" aria-hidden=\"true\" class=\"wp-block-spacer\"><\/div>\n\n\n\n<h1 class=\"wp-block-heading has-text-align-center has-text-color has-link-color has-suranna-font-family wp-elements-b407b3781f44ae3bea8828e3174b5623\" style=\"color:#ffffff;font-size:clamp(38.682px, 2.418rem + ((1vw - 3.2px) * 3.786), 72px);font-style:normal;font-weight:500\">Eveil musical<\/h1>\n<\/div><\/div>\n\n\n\n<p class=\"has-text-align-center has-large-font-size\">Des moments de musique ludiques<\/p>\n\n\n\n<p class=\"has-text-align-center has-large-font-size\"> pour les tout-petits !<\/p>\n\n\n\n<div class=\"wp-block-columns is-layout-flex wp-container-core-columns-is-layout-28f84493 wp-block-columns-is-layout-flex\">\n<div class=\"wp-block-column is-layout-flow wp-block-column-is-layout-flow\" style=\"flex-basis:50%\">\n<figure class=\"wp-block-gallery has-nested-images columns-default is-cropped wp-block-gallery-1 is-layout-flex wp-block-gallery-is-layout-flex\">\n<figure class=\"wp-block-image size-large\"><img loading=\"lazy\" decoding=\"async\" width=\"1024\" height=\"768\" data-id=\"251\" src=\"http:\/\/fdgiicd.cluster100.hosting.ovh.net\/wp-content\/uploads\/2026\/01\/Souris-1024x768.jpg\" alt=\"\" class=\"wp-image-251\" style=\"object-fit:cover\" srcset=\"https:\/\/julielaforest.fr\/wp-content\/uploads\/2026\/01\/Souris-1024x768.jpg 1024w, https:\/\/julielaforest.fr\/wp-content\/uploads\/2026\/01\/Souris-300x225.jpg 300w, https:\/\/julielaforest.fr\/wp-content\/uploads\/2026\/01\/Souris-768x576.jpg 768w, https:\/\/julielaforest.fr\/wp-content\/uploads\/2026\/01\/Souris-1536x1152.jpg 1536w, https:\/\/julielaforest.fr\/wp-content\/uploads\/2026\/01\/Souris-2048x1536.jpg 2048w\" sizes=\"auto, (max-width: 1024px) 100vw, 1024px\" \/><\/figure>\n<\/figure>\n<\/div>\n\n\n\n<div class=\"wp-block-column is-layout-flow wp-block-column-is-layout-flow\" style=\"flex-basis:50%\">\n<figure class=\"wp-block-image size-large\"><img loading=\"lazy\" decoding=\"async\" width=\"1024\" height=\"768\" src=\"http:\/\/fdgiicd.cluster100.hosting.ovh.net\/wp-content\/uploads\/2026\/01\/Instruments-automne-1-1024x768.jpg\" alt=\"\" class=\"wp-image-117\" srcset=\"https:\/\/julielaforest.fr\/wp-content\/uploads\/2026\/01\/Instruments-automne-1-1024x768.jpg 1024w, https:\/\/julielaforest.fr\/wp-content\/uploads\/2026\/01\/Instruments-automne-1-300x225.jpg 300w, https:\/\/julielaforest.fr\/wp-content\/uploads\/2026\/01\/Instruments-automne-1-768x576.jpg 768w, https:\/\/julielaforest.fr\/wp-content\/uploads\/2026\/01\/Instruments-automne-1-1536x1152.jpg 1536w, https:\/\/julielaforest.fr\/wp-content\/uploads\/2026\/01\/Instruments-automne-1-2048x1536.jpg 2048w\" sizes=\"auto, (max-width: 1024px) 100vw, 1024px\" \/><\/figure>\n<\/div>\n<\/div>\n\n\n\n<p class=\"has-text-align-center\">\u00c9couter des chansons, jouer avec les sons, manipuler, explorer&#8230;<\/p>\n\n\n\n<p class=\"has-text-align-center\">Les s\u00e9ances d&rsquo;\u00e9veil musical sont des moments privil\u00e9gi\u00e9s de d\u00e9couverte et de plaisir partag\u00e9 autour de chansons et comptines.<\/p>\n\n\n\n<p class=\"has-text-align-center\">Par petits groupes (12 tout-petits maximum)<\/p>\n\n\n\n<p class=\"has-text-align-center\">De la naissance \u00e0 3 ans environ<\/p>\n\n\n\n<p class=\"has-text-align-center\">Dur\u00e9e : 30 minutes<\/p>\n\n\n\n<p class=\"has-text-align-center\">R\u00e9servez vos s\u00e9ances d&rsquo;\u00e9veil musical pour votre structure petite enfance<\/p>\n\n\n\n<div class=\"wp-block-group has-global-padding is-content-justification-center is-layout-constrained wp-container-core-group-is-layout-2f0bcb29 wp-block-group-is-layout-constrained\" style=\"margin-top:0px\">\n<div class=\"wp-block-buttons is-horizontal is-content-justification-right is-layout-flex wp-container-core-buttons-is-layout-099266fd wp-block-buttons-is-layout-flex\" style=\"margin-top:0.51rem\">\n<div class=\"wp-block-button has-custom-width wp-block-button__width-100 is-style-fill\"><a class=\"wp-block-button__link has-text-color has-background has-custom-font-size wp-element-button\" href=\"http:\/\/fdgiicd.cluster100.hosting.ovh.net\/index.php\/contact\/\" style=\"border-style:none;border-width:0px;border-radius:0rem;color:#fffffd;background-color:#e27013;padding-top:0.71rem;padding-right:0.31rem;padding-bottom:0.71rem;padding-left:0.31rem;font-size:clamp(0.875rem, 0.875rem + ((1vw - 0.2rem) * 0.245), 1.01rem);font-style:normal;font-weight:600;line-height:1.5;text-transform:uppercase\">ME CONTACTER<\/a><\/div>\n<\/div>\n<\/div>\n\n\n\n<p>\u200b<\/p>\n\n\n\n<div class=\"wp-block-cover alignfull is-light\" style=\"padding-top:3.51rem;padding-right:0px;padding-bottom:2.01rem;padding-left:0px\"><span aria-hidden=\"true\" class=\"wp-block-cover__background has-background-dim-100 has-background-dim\" style=\"background-color:#fff3ea\"><\/span><div class=\"wp-block-cover__inner-container is-layout-flow wp-block-cover-is-layout-flow\">\n<div class=\"wp-block-group alignfull is-layout-flow wp-block-group-is-layout-flow\" style=\"margin-top:0px;margin-bottom:0px;padding-top:0rem;padding-right:1px;padding-bottom:2.01rem;padding-left:1px\">\n<div class=\"wp-block-columns alignfull is-layout-flex wp-container-core-columns-is-layout-35290b6f wp-block-columns-is-layout-flex\" style=\"padding-top:0rem\">\n<div class=\"wp-block-column is-layout-flow wp-block-column-is-layout-flow\" style=\"padding-top:1rem;padding-right:0rem;padding-bottom:1rem;padding-left:0rem\">\n<div class=\"wp-block-cover is-light\" style=\"padding-right:0.51rem;padding-left:0.51rem;min-height:390px;aspect-ratio:unset;\"><img loading=\"lazy\" decoding=\"async\" width=\"768\" height=\"1024\" class=\"wp-block-cover__image-background wp-image-127 size-large\" alt=\"\" src=\"http:\/\/fdgiicd.cluster100.hosting.ovh.net\/wp-content\/uploads\/2026\/01\/Parents-enfants-768x1024.jpg\" data-object-fit=\"cover\" srcset=\"https:\/\/julielaforest.fr\/wp-content\/uploads\/2026\/01\/Parents-enfants-768x1024.jpg 768w, https:\/\/julielaforest.fr\/wp-content\/uploads\/2026\/01\/Parents-enfants-225x300.jpg 225w, https:\/\/julielaforest.fr\/wp-content\/uploads\/2026\/01\/Parents-enfants-1152x1536.jpg 1152w, https:\/\/julielaforest.fr\/wp-content\/uploads\/2026\/01\/Parents-enfants-1536x2048.jpg 1536w, https:\/\/julielaforest.fr\/wp-content\/uploads\/2026\/01\/Parents-enfants-scaled.jpg 1920w\" sizes=\"auto, (max-width: 768px) 100vw, 768px\" \/><span aria-hidden=\"true\" class=\"wp-block-cover__background has-background-dim-0 has-background-dim\" style=\"background-color:#897e79\"><\/span><div class=\"wp-block-cover__inner-container has-global-padding is-layout-constrained wp-container-core-cover-is-layout-1a3bd245 wp-block-cover-is-layout-constrained\">\n<p class=\"has-text-align-center has-large-font-size\"><\/p>\n<\/div><\/div>\n<\/div>\n\n\n\n<div class=\"wp-block-column is-layout-flow wp-block-column-is-layout-flow\" style=\"padding-top:1rem;padding-right:0rem;padding-bottom:1rem;padding-left:0rem\">\n<div class=\"wp-block-cover is-light\" style=\"padding-right:0.51rem;padding-left:0.51rem;min-height:390px;aspect-ratio:unset;\"><img loading=\"lazy\" decoding=\"async\" width=\"1920\" height=\"2560\" class=\"wp-block-cover__image-background wp-image-217 size-full\" alt=\"\" src=\"http:\/\/fdgiicd.cluster100.hosting.ovh.net\/wp-content\/uploads\/2026\/01\/Guitare-Jardin-scaled.jpg\" data-object-fit=\"cover\" srcset=\"https:\/\/julielaforest.fr\/wp-content\/uploads\/2026\/01\/Guitare-Jardin-scaled.jpg 1920w, https:\/\/julielaforest.fr\/wp-content\/uploads\/2026\/01\/Guitare-Jardin-225x300.jpg 225w, https:\/\/julielaforest.fr\/wp-content\/uploads\/2026\/01\/Guitare-Jardin-768x1024.jpg 768w, https:\/\/julielaforest.fr\/wp-content\/uploads\/2026\/01\/Guitare-Jardin-1152x1536.jpg 1152w, https:\/\/julielaforest.fr\/wp-content\/uploads\/2026\/01\/Guitare-Jardin-1536x2048.jpg 1536w\" sizes=\"auto, (max-width: 1920px) 100vw, 1920px\" \/><span aria-hidden=\"true\" class=\"wp-block-cover__background has-background-dim-0 has-background-dim\" style=\"background-color:#898f65\"><\/span><div class=\"wp-block-cover__inner-container has-global-padding is-layout-constrained wp-container-core-cover-is-layout-1a3bd245 wp-block-cover-is-layout-constrained\">\n<p class=\"has-text-align-center has-large-font-size\"><\/p>\n<\/div><\/div>\n<\/div>\n\n\n\n<div class=\"wp-block-column is-layout-flow wp-block-column-is-layout-flow\" style=\"padding-top:1rem;padding-right:0rem;padding-bottom:1rem;padding-left:0rem\">\n<div class=\"wp-block-cover is-light\" style=\"padding-right:0.51rem;padding-left:0.51rem;min-height:390px;aspect-ratio:unset;\"><img loading=\"lazy\" decoding=\"async\" width=\"768\" height=\"1024\" class=\"wp-block-cover__image-background wp-image-115 size-large\" alt=\"\" src=\"http:\/\/fdgiicd.cluster100.hosting.ovh.net\/wp-content\/uploads\/2026\/01\/Exploration-sonore-1-768x1024.jpg\" data-object-fit=\"cover\" srcset=\"https:\/\/julielaforest.fr\/wp-content\/uploads\/2026\/01\/Exploration-sonore-1-768x1024.jpg 768w, https:\/\/julielaforest.fr\/wp-content\/uploads\/2026\/01\/Exploration-sonore-1-225x300.jpg 225w, https:\/\/julielaforest.fr\/wp-content\/uploads\/2026\/01\/Exploration-sonore-1-1152x1536.jpg 1152w, https:\/\/julielaforest.fr\/wp-content\/uploads\/2026\/01\/Exploration-sonore-1-1536x2048.jpg 1536w, https:\/\/julielaforest.fr\/wp-content\/uploads\/2026\/01\/Exploration-sonore-1-scaled.jpg 1920w\" sizes=\"auto, (max-width: 768px) 100vw, 768px\" \/><span aria-hidden=\"true\" class=\"wp-block-cover__background has-background-dim-0 has-background-dim\" style=\"background-color:#ab918a\"><\/span><div class=\"wp-block-cover__inner-container has-global-padding is-layout-constrained wp-container-core-cover-is-layout-1a3bd245 wp-block-cover-is-layout-constrained\">\n<p class=\"has-text-align-center has-large-font-size\"><\/p>\n<\/div><\/div>\n<\/div>\n\n\n\n<div class=\"wp-block-column is-layout-flow wp-block-column-is-layout-flow\" style=\"padding-top:1rem;padding-right:0rem;padding-bottom:1rem;padding-left:0rem\">\n<div class=\"wp-block-cover\" style=\"padding-right:0.51rem;padding-left:0.51rem;min-height:390px;aspect-ratio:unset;\"><img loading=\"lazy\" decoding=\"async\" width=\"768\" height=\"1024\" class=\"wp-block-cover__image-background wp-image-125 size-large\" alt=\"\" src=\"http:\/\/fdgiicd.cluster100.hosting.ovh.net\/wp-content\/uploads\/2026\/01\/Oeufs-1-768x1024.jpg\" data-object-fit=\"cover\" srcset=\"https:\/\/julielaforest.fr\/wp-content\/uploads\/2026\/01\/Oeufs-1-768x1024.jpg 768w, https:\/\/julielaforest.fr\/wp-content\/uploads\/2026\/01\/Oeufs-1-225x300.jpg 225w, https:\/\/julielaforest.fr\/wp-content\/uploads\/2026\/01\/Oeufs-1-1152x1536.jpg 1152w, https:\/\/julielaforest.fr\/wp-content\/uploads\/2026\/01\/Oeufs-1-1536x2048.jpg 1536w, https:\/\/julielaforest.fr\/wp-content\/uploads\/2026\/01\/Oeufs-1-scaled.jpg 1920w\" sizes=\"auto, (max-width: 768px) 100vw, 768px\" \/><span aria-hidden=\"true\" class=\"wp-block-cover__background has-background-dim-0 has-background-dim\" style=\"background-color:#957968\"><\/span><div class=\"wp-block-cover__inner-container has-global-padding is-layout-constrained wp-container-core-cover-is-layout-1a3bd245 wp-block-cover-is-layout-constrained\">\n<p class=\"has-text-align-center has-large-font-size\"><\/p>\n<\/div><\/div>\n<\/div>\n<\/div>\n<\/div>\n<\/div><\/div>\n","protected":false},"excerpt":{"rendered":"<p>Des moments de musique ludiques pour les tout-petits ! \u00c9couter des chansons, jouer avec les sons, manipuler, explorer&#8230; Les s\u00e9ances d&rsquo;\u00e9veil musical sont des moments privil\u00e9gi\u00e9s de d\u00e9couverte et de plaisir partag\u00e9 autour de chansons et comptines. Par petits groupes (12 tout-petits maximum) De la naissance \u00e0 3 ans environ Dur\u00e9e : 30 minutes R\u00e9servez [&hellip;]<\/p>\n","protected":false},"author":1,"featured_media":0,"parent":0,"menu_order":4,"comment_status":"closed","ping_status":"closed","template":"","meta":{"footnotes":""},"class_list":["post-186","page","type-page","status-publish","hentry"],"_links":{"self":[{"href":"https:\/\/julielaforest.fr\/index.php\/wp-json\/wp\/v2\/pages\/186","targetHints":{"allow":["GET"]}}],"collection":[{"href":"https:\/\/julielaforest.fr\/index.php\/wp-json\/wp\/v2\/pages"}],"about":[{"href":"https:\/\/julielaforest.fr\/index.php\/wp-json\/wp\/v2\/types\/page"}],"author":[{"embeddable":true,"href":"https:\/\/julielaforest.fr\/index.php\/wp-json\/wp\/v2\/users\/1"}],"replies":[{"embeddable":true,"href":"https:\/\/julielaforest.fr\/index.php\/wp-json\/wp\/v2\/comments?post=186"}],"version-history":[{"count":8,"href":"https:\/\/julielaforest.fr\/index.php\/wp-json\/wp\/v2\/pages\/186\/revisions"}],"predecessor-version":[{"id":294,"href":"https:\/\/julielaforest.fr\/index.php\/wp-json\/wp\/v2\/pages\/186\/revisions\/294"}],"wp:attachment":[{"href":"https:\/\/julielaforest.fr\/index.php\/wp-json\/wp\/v2\/media?parent=186"}],"curies":[{"name":"wp","href":"https:\/\/api.w.org\/{rel}","templated":true}]}}